{"id":302,"date":"2025-01-29T08:52:48","date_gmt":"2025-01-29T08:52:48","guid":{"rendered":"https:\/\/www.leponti2.be\/?page_id=302"},"modified":"2025-10-20T08:48:29","modified_gmt":"2025-10-20T08:48:29","slug":"menu","status":"publish","type":"page","link":"https:\/\/www.leponti2.be\/ja\/menu\/","title":{"rendered":"\u30e1\u30cb\u30e5\u30fc"},"content":{"rendered":"<p>[et_pb_section fb_built=\u00a0\u00bb1&Prime; custom_padding_last_edited=\u00a0\u00bbon|phone\u00a0\u00bb admin_label=\u00a0\u00bbHeader\u00a0\u00bb _builder_version=\u00a0\u00bb4.27.4&Prime; _module_preset=\u00a0\u00bbdefault\u00a0\u00bb background_enable_pattern_style=\u00a0\u00bbon\u00a0\u00bb background_pattern_style=\u00a0\u00bbpinwheel\u00a0\u00bb background_pattern_color=\u00a0\u00bbrgba(0,0,0,0.13)\u00a0\u00bb background_pattern_transform=\u00a0\u00bbflip_vertical\u00a0\u00bb background_pattern_vertical_offset=\u00a0\u00bb-64px\u00a0\u00bb background_pattern_repeat=\u00a0\u00bbrepeat-x\u00a0\u00bb custom_padding=\u00a0\u00bb120px||||false|false\u00a0\u00bb custom_padding_tablet=\u00a0\u00bb0px||||false|false\u00a0\u00bb custom_padding_phone=\u00a0\u00bb0px||0px||false|false\u00a0\u00bb locked=\u00a0\u00bboff\u00a0\u00bb collapsed=\u00a0\u00bboff\u00a0\u00bb global_colors_info=\u00a0\u00bb{%22gcid-fa957022-7f68-4c63-9382-2437a00591d9%22:%91%22background_pattern_color%22%93}\u00a0\u00bb][et_pb_row column_structure=\u00a0\u00bb1_2,1_2&Prime; _builder_version=\u00a0\u00bb4.27.4&Prime; _module_preset=\u00a0\u00bbdefault\u00a0\u00bb custom_padding=\u00a0\u00bb||0px||false|false\u00a0\u00bb global_colors_info=\u00a0\u00bb{}\u00a0\u00bb][et_pb_column type=\u00a0\u00bb1_2&Prime; _builder_version=\u00a0\u00bb4.19.2&Prime; _module_preset=\u00a0\u00bbdefault\u00a0\u00bb global_colors_info=\u00a0\u00bb{}\u00a0\u00bb][\/et_pb_column][et_pb_column type=\u00a0\u00bb1_2&Prime; _builder_version=\u00a0\u00bb4.19.2&Prime; _module_preset=\u00a0\u00bbdefault\u00a0\u00bb global_colors_info=\u00a0\u00bb{}\u00a0\u00bb][et_pb_text _builder_version=\u00a0\u00bb4.27.4&Prime; _module_preset=\u00a0\u00bb_initial\u00a0\u00bb text_text_color=\u00a0\u00bb#000000&Prime; header_font=\u00a0\u00bbAlata||||||||\u00a0\u00bb header_text_color=\u00a0\u00bb#000000&Prime; header_font_size=\u00a0\u00bb66px\u00a0\u00bb header_letter_spacing=\u00a0\u00bb-0.05em\u00a0\u00bb header_line_height=\u00a0\u00bb1.2em\u00a0\u00bb custom_margin=\u00a0\u00bb||10px||false|false\u00a0\u00bb custom_padding=\u00a0\u00bb80px||||false|false\u00a0\u00bb custom_padding_tablet=\u00a0\u00bb0px||||false|false\u00a0\u00bb custom_padding_phone=\u00a0\u00bb0px||||false|false\u00a0\u00bb custom_padding_last_edited=\u00a0\u00bbon|phone\u00a0\u00bb header_font_size_tablet=\u00a0\u00bb53px\u00a0\u00bb header_font_size_phone=\u00a0\u00bb47px\u00a0\u00bb header_font_size_last_edited=\u00a0\u00bbon|phone\u00a0\u00bb global_colors_info=\u00a0\u00bb{}\u00a0\u00bb]<\/p>\n<h1>Notre carte<\/h1>\n<p>[\/et_pb_text][\/et_pb_column][\/et_pb_row][et_pb_row column_structure=\u00a0\u00bb2_5,3_5&Prime; use_custom_gutter=\u00a0\u00bbon\u00a0\u00bb gutter_width=\u00a0\u00bb1&Prime; _builder_version=\u00a0\u00bb4.27.4&Prime; _module_preset=\u00a0\u00bbdefault\u00a0\u00bb global_colors_info=\u00a0\u00bb{}\u00a0\u00bb][et_pb_column type=\u00a0\u00bb2_5&Prime; _builder_version=\u00a0\u00bb4.27.4&Prime; _module_preset=\u00a0\u00bbdefault\u00a0\u00bb z_index=\u00a0\u00bb10&Prime; global_colors_info=\u00a0\u00bb{}\u00a0\u00bb][et_pb_image src=\u00a0\u00bbhttps:\/\/www.leponti2.be\/wp-content\/uploads\/2025\/10\/une-delicieuse-pizza-fraiche.webp\u00a0\u00bb title_text=\u00a0\u00bbune-delicieuse-pizza-fraiche\u00a0\u00bb align=\u00a0\u00bbright\u00a0\u00bb _builder_version=\u00a0\u00bb4.27.4&Prime; _module_preset=\u00a0\u00bbdefault\u00a0\u00bb positioning=\u00a0\u00bbabsolute\u00a0\u00bb position_origin_a=\u00a0\u00bbcenter_left\u00a0\u00bb horizontal_offset=\u00a0\u00bb251px\u00a0\u00bb position_origin_a_tablet=\u00a0\u00bbcenter_left\u00a0\u00bb position_origin_a_phone=\u00a0\u00bbcenter_left\u00a0\u00bb position_origin_a_last_edited=\u00a0\u00bbon|tablet\u00a0\u00bb position_origin_f_tablet=\u00a0\u00bb\u00a0\u00bb position_origin_f_phone=\u00a0\u00bb\u00a0\u00bb position_origin_f_last_edited=\u00a0\u00bbon|tablet\u00a0\u00bb position_origin_r_tablet=\u00a0\u00bb\u00a0\u00bb position_origin_r_phone=\u00a0\u00bb\u00a0\u00bb position_origin_r_last_edited=\u00a0\u00bbon|tablet\u00a0\u00bb custom_margin=\u00a0\u00bb-12vw|-4vw||-30vw|false|false\u00a0\u00bb custom_margin_tablet=\u00a0\u00bb0vw|0vw||0vw|false|false\u00a0\u00bb custom_margin_phone=\u00a0\u00bb0vw|0vw||0vw|false|false\u00a0\u00bb custom_margin_last_edited=\u00a0\u00bbon|phone\u00a0\u00bb custom_padding=\u00a0\u00bb||20px||false|false\u00a0\u00bb positioning_tablet=\u00a0\u00bbnone\u00a0\u00bb positioning_phone=\u00a0\u00bbnone\u00a0\u00bb positioning_last_edited=\u00a0\u00bbon|tablet\u00a0\u00bb border_radii=\u00a0\u00bboff|||20px|\u00a0\u00bb border_radii_tablet=\u00a0\u00bbon|20px|20px|20px|20px\u00a0\u00bb border_radii_phone=\u00a0\u00bbon||||\u00a0\u00bb border_radii_last_edited=\u00a0\u00bbon|phone\u00a0\u00bb global_colors_info=\u00a0\u00bb{}\u00a0\u00bb][\/et_pb_image][\/et_pb_column][et_pb_column type=\u00a0\u00bb3_5&Prime; _builder_version=\u00a0\u00bb4.27.4&Prime; _module_preset=\u00a0\u00bbdefault\u00a0\u00bb background_color=\u00a0\u00bb#000000&Prime; custom_padding=\u00a0\u00bb60px|60px|60px|7vw|true|false\u00a0\u00bb custom_padding_tablet=\u00a0\u00bb30px|30px|30px|30px|true|true\u00a0\u00bb custom_padding_phone=\u00a0\u00bb20px|20px|20px|20px|true|true\u00a0\u00bb custom_padding_last_edited=\u00a0\u00bbon|desktop\u00a0\u00bb border_radii=\u00a0\u00bbon|20px|20px|20px|20px\u00a0\u00bb global_colors_info=\u00a0\u00bb{}\u00a0\u00bb][et_pb_text _builder_version=\u00a0\u00bb4.27.4&Prime; _module_preset=\u00a0\u00bb_initial\u00a0\u00bb text_font=\u00a0\u00bbAlata||||||||\u00a0\u00bb text_text_color=\u00a0\u00bb#FFFFFF\u00a0\u00bb text_font_size=\u00a0\u00bb16px\u00a0\u00bb text_line_height=\u00a0\u00bb1.8em\u00a0\u00bb text_font_size_tablet=\u00a0\u00bb15px\u00a0\u00bb text_font_size_phone=\u00a0\u00bb14px\u00a0\u00bb text_font_size_last_edited=\u00a0\u00bbon|desktop\u00a0\u00bb header_font_size_tablet=\u00a0\u00bb55px\u00a0\u00bb header_font_size_last_edited=\u00a0\u00bboff|desktop\u00a0\u00bb global_colors_info=\u00a0\u00bb{}\u00a0\u00bb]<\/p>\n<p>Ici, chaque plat est pr\u00e9par\u00e9 avec le c\u0153ur. Nous avons r\u00e9uni pour vous les saveurs incontournables de l\u2019Italie : pizzas aux p\u00e2tes fines et croustillantes, p\u00e2tes g\u00e9n\u00e9reuses, viandes savoureuses et sp\u00e9cialit\u00e9s maison.<\/p>\n<p>[\/et_pb_text][\/et_pb_column][\/et_pb_row][\/et_pb_section][et_pb_section fb_built=\u00a0\u00bb1&Prime; custom_padding_last_edited=\u00a0\u00bboff|desktop\u00a0\u00bb admin_label=\u00a0\u00bbMenu\u00a0\u00bb _builder_version=\u00a0\u00bb4.27.4&Prime; _module_preset=\u00a0\u00bbdefault\u00a0\u00bb width=\u00a0\u00bb100%\u00a0\u00bb max_width=\u00a0\u00bb100%\u00a0\u00bb custom_padding=\u00a0\u00bb100px||100px||true|false\u00a0\u00bb custom_padding_tablet=\u00a0\u00bb0px||0px||false|false\u00a0\u00bb custom_padding_phone=\u00a0\u00bb0px||||false|false\u00a0\u00bb collapsed=\u00a0\u00bbon\u00a0\u00bb global_colors_info=\u00a0\u00bb{}\u00a0\u00bb][et_pb_row column_structure=\u00a0\u00bb1_2,1_2&Prime; use_custom_gutter=\u00a0\u00bbon\u00a0\u00bb gutter_width=\u00a0\u00bb1&Prime; make_equal=\u00a0\u00bbon\u00a0\u00bb custom_padding_last_edited=\u00a0\u00bboff|desktop\u00a0\u00bb _builder_version=\u00a0\u00bb4.27.4&Prime; _module_preset=\u00a0\u00bbdefault\u00a0\u00bb width=\u00a0\u00bb100%\u00a0\u00bb custom_margin=\u00a0\u00bb||0px||false|false\u00a0\u00bb custom_padding=\u00a0\u00bb||0px||false|false\u00a0\u00bb custom_padding_tablet=\u00a0\u00bb||||false|false\u00a0\u00bb custom_padding_phone=\u00a0\u00bb||||false|false\u00a0\u00bb global_colors_info=\u00a0\u00bb{}\u00a0\u00bb][et_pb_column type=\u00a0\u00bb1_2&Prime; _builder_version=\u00a0\u00bb4.19.2&Prime; _module_preset=\u00a0\u00bbdefault\u00a0\u00bb global_colors_info=\u00a0\u00bb{}\u00a0\u00bb][et_pb_image src=\u00a0\u00bbhttps:\/\/www.leponti2.be\/wp-content\/uploads\/2025\/10\/5-menu-40-entree-doc.png\u00a0\u00bb title_text=\u00a0\u00bb5-menu-40-entree-doc\u00a0\u00bb _builder_version=\u00a0\u00bb4.27.4&Prime; _module_preset=\u00a0\u00bbdefault\u00a0\u00bb global_colors_info=\u00a0\u00bb{}\u00a0\u00bb][\/et_pb_image][\/et_pb_column][et_pb_column type=\u00a0\u00bb1_2&Prime; _builder_version=\u00a0\u00bb4.19.2&Prime; _module_preset=\u00a0\u00bbdefault\u00a0\u00bb global_colors_info=\u00a0\u00bb{}\u00a0\u00bb][et_pb_image src=\u00a0\u00bbhttps:\/\/www.leponti2.be\/wp-content\/uploads\/2025\/10\/8-pizza_1.png\u00a0\u00bb title_text=\u00a0\u00bb8-pizza_1&Prime; _builder_version=\u00a0\u00bb4.27.4&Prime; _module_preset=\u00a0\u00bbdefault\u00a0\u00bb global_colors_info=\u00a0\u00bb{}\u00a0\u00bb][\/et_pb_image][\/et_pb_column][\/et_pb_row][et_pb_row column_structure=\u00a0\u00bb1_2,1_2&Prime; use_custom_gutter=\u00a0\u00bbon\u00a0\u00bb gutter_width=\u00a0\u00bb1&Prime; make_equal=\u00a0\u00bbon\u00a0\u00bb custom_padding_last_edited=\u00a0\u00bboff|desktop\u00a0\u00bb _builder_version=\u00a0\u00bb4.27.4&Prime; _module_preset=\u00a0\u00bbdefault\u00a0\u00bb width=\u00a0\u00bb100%\u00a0\u00bb custom_margin=\u00a0\u00bb0px||||false|false\u00a0\u00bb custom_padding=\u00a0\u00bb0px||||false|false\u00a0\u00bb custom_padding_tablet=\u00a0\u00bb||||false|false\u00a0\u00bb custom_padding_phone=\u00a0\u00bb||||false|false\u00a0\u00bb global_colors_info=\u00a0\u00bb{}\u00a0\u00bb][et_pb_column type=\u00a0\u00bb1_2&Prime; _builder_version=\u00a0\u00bb4.19.2&Prime; _module_preset=\u00a0\u00bbdefault\u00a0\u00bb global_colors_info=\u00a0\u00bb{}\u00a0\u00bb][et_pb_image src=\u00a0\u00bbhttps:\/\/www.leponti2.be\/wp-content\/uploads\/2025\/10\/6-viande_1.png\u00a0\u00bb title_text=\u00a0\u00bb6-viande_1&Prime; _builder_version=\u00a0\u00bb4.27.4&Prime; _module_preset=\u00a0\u00bbdefault\u00a0\u00bb global_colors_info=\u00a0\u00bb{}\u00a0\u00bb][\/et_pb_image][\/et_pb_column][et_pb_column type=\u00a0\u00bb1_2&Prime; _builder_version=\u00a0\u00bb4.19.2&Prime; _module_preset=\u00a0\u00bbdefault\u00a0\u00bb global_colors_info=\u00a0\u00bb{}\u00a0\u00bb][et_pb_image src=\u00a0\u00bbhttps:\/\/www.leponti2.be\/wp-content\/uploads\/2025\/10\/7-pates_1.png\u00a0\u00bb title_text=\u00a0\u00bb7-pates_1&Prime; _builder_version=\u00a0\u00bb4.27.4&Prime; _module_preset=\u00a0\u00bbdefault\u00a0\u00bb global_colors_info=\u00a0\u00bb{}\u00a0\u00bb][\/et_pb_image][\/et_pb_column][\/et_pb_row][et_pb_row column_structure=\u00a0\u00bb1_2,1_2&Prime; use_custom_gutter=\u00a0\u00bbon\u00a0\u00bb gutter_width=\u00a0\u00bb1&Prime; make_equal=\u00a0\u00bbon\u00a0\u00bb custom_padding_last_edited=\u00a0\u00bboff|desktop\u00a0\u00bb _builder_version=\u00a0\u00bb4.27.4&Prime; _module_preset=\u00a0\u00bbdefault\u00a0\u00bb width=\u00a0\u00bb100%\u00a0\u00bb custom_margin=\u00a0\u00bb0px||||false|false\u00a0\u00bb custom_padding=\u00a0\u00bb0px||||false|false\u00a0\u00bb custom_padding_tablet=\u00a0\u00bb||||false|false\u00a0\u00bb custom_padding_phone=\u00a0\u00bb||||false|false\u00a0\u00bb global_colors_info=\u00a0\u00bb{}\u00a0\u00bb][et_pb_column type=\u00a0\u00bb1_2&Prime; _builder_version=\u00a0\u00bb4.19.2&Prime; _module_preset=\u00a0\u00bbdefault\u00a0\u00bb global_colors_info=\u00a0\u00bb{}\u00a0\u00bb][et_pb_image src=\u00a0\u00bbhttps:\/\/www.leponti2.be\/wp-content\/uploads\/2025\/10\/9-dessert_1.png\u00a0\u00bb title_text=\u00a0\u00bb9-dessert_1&Prime; _builder_version=\u00a0\u00bb4.27.4&Prime; _module_preset=\u00a0\u00bbdefault\u00a0\u00bb global_colors_info=\u00a0\u00bb{}\u00a0\u00bb][\/et_pb_image][\/et_pb_column][et_pb_column type=\u00a0\u00bb1_2&Prime; _builder_version=\u00a0\u00bb4.19.2&Prime; _module_preset=\u00a0\u00bbdefault\u00a0\u00bb global_colors_info=\u00a0\u00bb{}\u00a0\u00bb][\/et_pb_column][\/et_pb_row][\/et_pb_section]<\/p>\n","protected":false},"excerpt":{"rendered":"<p>Notre carteIci, chaque plat est pr\u00e9par\u00e9 avec le c\u0153ur. Nous avons r\u00e9uni pour vous les saveurs incontournables de l\u2019Italie : pizzas aux p\u00e2tes fines et croustillantes, p\u00e2tes g\u00e9n\u00e9reuses, viandes savoureuses et sp\u00e9cialit\u00e9s maison.<\/p>","protected":false},"author":1,"featured_media":0,"parent":0,"menu_order":0,"comment_status":"closed","ping_status":"closed","template":"","meta":{"_et_pb_use_builder":"on","_et_pb_old_content":"","_et_gb_content_width":"","footnotes":""},"class_list":["post-302","page","type-page","status-publish","hentry"],"yoast_head":"<!-- This site is optimized with the Yoast SEO plugin v27.2 - https:\/\/yoast.com\/product\/yoast-seo-wordpress\/ -->\n<title>Menu - Le Ponti 2 \ud83c\uddee\ud83c\uddf9<\/title>\n<meta name=\"robots\" content=\"index, follow, max-snippet:-1, max-image-preview:large, max-video-preview:-1\" \/>\n<link rel=\"canonical\" href=\"https:\/\/www.leponti2.be\/ja\/menu\/\" \/>\n<meta property=\"og:locale\" content=\"ja_JP\" \/>\n<meta property=\"og:type\" content=\"article\" \/>\n<meta property=\"og:title\" content=\"Menu - Le Ponti 2 \ud83c\uddee\ud83c\uddf9\" \/>\n<meta property=\"og:description\" content=\"Notre carteIci, chaque plat est pr\u00e9par\u00e9 avec le c\u0153ur. Nous avons r\u00e9uni pour vous les saveurs incontournables de l\u2019Italie : pizzas aux p\u00e2tes fines et croustillantes, p\u00e2tes g\u00e9n\u00e9reuses, viandes savoureuses et sp\u00e9cialit\u00e9s maison.\" \/>\n<meta property=\"og:url\" content=\"https:\/\/www.leponti2.be\/ja\/menu\/\" \/>\n<meta property=\"og:site_name\" content=\"Le Ponti 2 \ud83c\uddee\ud83c\uddf9\" \/>\n<meta property=\"article:publisher\" content=\"https:\/\/www.facebook.com\/leponti2\/?locale=fr_FR\" \/>\n<meta property=\"article:modified_time\" content=\"2025-10-20T08:48:29+00:00\" \/>\n<meta name=\"twitter:card\" content=\"summary_large_image\" \/>\n<meta name=\"twitter:label1\" content=\"\u63a8\u5b9a\u8aad\u307f\u53d6\u308a\u6642\u9593\" \/>\n\t<meta name=\"twitter:data1\" content=\"5\u5206\" \/>\n<script type=\"application\/ld+json\" class=\"yoast-schema-graph\">{\"@context\":\"https:\/\/schema.org\",\"@graph\":[{\"@type\":\"WebPage\",\"@id\":\"https:\/\/www.leponti2.be\/menu\/\",\"url\":\"https:\/\/www.leponti2.be\/menu\/\",\"name\":\"Menu - Le Ponti 2 \ud83c\uddee\ud83c\uddf9\",\"isPartOf\":{\"@id\":\"https:\/\/www.leponti2.be\/#website\"},\"datePublished\":\"2025-01-29T08:52:48+00:00\",\"dateModified\":\"2025-10-20T08:48:29+00:00\",\"breadcrumb\":{\"@id\":\"https:\/\/www.leponti2.be\/menu\/#breadcrumb\"},\"inLanguage\":\"ja\",\"potentialAction\":[{\"@type\":\"ReadAction\",\"target\":[\"https:\/\/www.leponti2.be\/menu\/\"]}]},{\"@type\":\"BreadcrumbList\",\"@id\":\"https:\/\/www.leponti2.be\/menu\/#breadcrumb\",\"itemListElement\":[{\"@type\":\"ListItem\",\"position\":1,\"name\":\"Accueil\",\"item\":\"https:\/\/www.leponti2.be\/\"},{\"@type\":\"ListItem\",\"position\":2,\"name\":\"Menu\"}]},{\"@type\":\"WebSite\",\"@id\":\"https:\/\/www.leponti2.be\/#website\",\"url\":\"https:\/\/www.leponti2.be\/\",\"name\":\"Le Ponti 2 \ud83c\uddee\ud83c\uddf9\",\"description\":\"restaurant \u00e0 Jambes (Namur)\",\"publisher\":{\"@id\":\"https:\/\/www.leponti2.be\/#organization\"},\"potentialAction\":[{\"@type\":\"SearchAction\",\"target\":{\"@type\":\"EntryPoint\",\"urlTemplate\":\"https:\/\/www.leponti2.be\/?s={search_term_string}\"},\"query-input\":{\"@type\":\"PropertyValueSpecification\",\"valueRequired\":true,\"valueName\":\"search_term_string\"}}],\"inLanguage\":\"ja\"},{\"@type\":\"Organization\",\"@id\":\"https:\/\/www.leponti2.be\/#organization\",\"name\":\"Le Ponti 2\",\"url\":\"https:\/\/www.leponti2.be\/\",\"logo\":{\"@type\":\"ImageObject\",\"inLanguage\":\"ja\",\"@id\":\"https:\/\/www.leponti2.be\/#\/schema\/logo\/image\/\",\"url\":\"https:\/\/www.leponti2.be\/wp-content\/uploads\/2025\/10\/cropped-logo_465x320.png\",\"contentUrl\":\"https:\/\/www.leponti2.be\/wp-content\/uploads\/2025\/10\/cropped-logo_465x320.png\",\"width\":512,\"height\":512,\"caption\":\"Le Ponti 2\"},\"image\":{\"@id\":\"https:\/\/www.leponti2.be\/#\/schema\/logo\/image\/\"},\"sameAs\":[\"https:\/\/www.facebook.com\/leponti2\/?locale=fr_FR\"]}]}<\/script>\n<!-- \/ Yoast SEO plugin. -->","yoast_head_json":{"title":"Menu - Le Ponti 2 \ud83c\uddee\ud83c\uddf9","robots":{"index":"index","follow":"follow","max-snippet":"max-snippet:-1","max-image-preview":"max-image-preview:large","max-video-preview":"max-video-preview:-1"},"canonical":"https:\/\/www.leponti2.be\/ja\/menu\/","og_locale":"ja_JP","og_type":"article","og_title":"Menu - Le Ponti 2 \ud83c\uddee\ud83c\uddf9","og_description":"Notre carteIci, chaque plat est pr\u00e9par\u00e9 avec le c\u0153ur. Nous avons r\u00e9uni pour vous les saveurs incontournables de l\u2019Italie : pizzas aux p\u00e2tes fines et croustillantes, p\u00e2tes g\u00e9n\u00e9reuses, viandes savoureuses et sp\u00e9cialit\u00e9s maison.","og_url":"https:\/\/www.leponti2.be\/ja\/menu\/","og_site_name":"Le Ponti 2 \ud83c\uddee\ud83c\uddf9","article_publisher":"https:\/\/www.facebook.com\/leponti2\/?locale=fr_FR","article_modified_time":"2025-10-20T08:48:29+00:00","twitter_card":"summary_large_image","twitter_misc":{"\u63a8\u5b9a\u8aad\u307f\u53d6\u308a\u6642\u9593":"5\u5206"},"schema":{"@context":"https:\/\/schema.org","@graph":[{"@type":"WebPage","@id":"https:\/\/www.leponti2.be\/menu\/","url":"https:\/\/www.leponti2.be\/menu\/","name":"Menu - Le Ponti 2 \ud83c\uddee\ud83c\uddf9","isPartOf":{"@id":"https:\/\/www.leponti2.be\/#website"},"datePublished":"2025-01-29T08:52:48+00:00","dateModified":"2025-10-20T08:48:29+00:00","breadcrumb":{"@id":"https:\/\/www.leponti2.be\/menu\/#breadcrumb"},"inLanguage":"ja","potentialAction":[{"@type":"ReadAction","target":["https:\/\/www.leponti2.be\/menu\/"]}]},{"@type":"BreadcrumbList","@id":"https:\/\/www.leponti2.be\/menu\/#breadcrumb","itemListElement":[{"@type":"ListItem","position":1,"name":"Accueil","item":"https:\/\/www.leponti2.be\/"},{"@type":"ListItem","position":2,"name":"Menu"}]},{"@type":"WebSite","@id":"https:\/\/www.leponti2.be\/#website","url":"https:\/\/www.leponti2.be\/","name":"Le Ponti 2 \ud83c\uddee\ud83c\uddf9","description":"\u30b8\u30e3\u30f3\u30d9\u30b9\uff08\u30ca\u30df\u30e5\u30fc\u30eb\uff09\u306e\u30ec\u30b9\u30c8\u30e9\u30f3","publisher":{"@id":"https:\/\/www.leponti2.be\/#organization"},"potentialAction":[{"@type":"SearchAction","target":{"@type":"EntryPoint","urlTemplate":"https:\/\/www.leponti2.be\/?s={search_term_string}"},"query-input":{"@type":"PropertyValueSpecification","valueRequired":true,"valueName":"search_term_string"}}],"inLanguage":"ja"},{"@type":"Organization","@id":"https:\/\/www.leponti2.be\/#organization","name":"\u30eb\u30fb\u30dd\u30f3\u30c6\u30a3 2","url":"https:\/\/www.leponti2.be\/","logo":{"@type":"ImageObject","inLanguage":"ja","@id":"https:\/\/www.leponti2.be\/#\/schema\/logo\/image\/","url":"https:\/\/www.leponti2.be\/wp-content\/uploads\/2025\/10\/cropped-logo_465x320.png","contentUrl":"https:\/\/www.leponti2.be\/wp-content\/uploads\/2025\/10\/cropped-logo_465x320.png","width":512,"height":512,"caption":"Le Ponti 2"},"image":{"@id":"https:\/\/www.leponti2.be\/#\/schema\/logo\/image\/"},"sameAs":["https:\/\/www.facebook.com\/leponti2\/?locale=fr_FR"]}]}},"_links":{"self":[{"href":"https:\/\/www.leponti2.be\/ja\/wp-json\/wp\/v2\/pages\/302","targetHints":{"allow":["GET"]}}],"collection":[{"href":"https:\/\/www.leponti2.be\/ja\/wp-json\/wp\/v2\/pages"}],"about":[{"href":"https:\/\/www.leponti2.be\/ja\/wp-json\/wp\/v2\/types\/page"}],"author":[{"embeddable":true,"href":"https:\/\/www.leponti2.be\/ja\/wp-json\/wp\/v2\/users\/1"}],"replies":[{"embeddable":true,"href":"https:\/\/www.leponti2.be\/ja\/wp-json\/wp\/v2\/comments?post=302"}],"version-history":[{"count":72,"href":"https:\/\/www.leponti2.be\/ja\/wp-json\/wp\/v2\/pages\/302\/revisions"}],"predecessor-version":[{"id":242149,"href":"https:\/\/www.leponti2.be\/ja\/wp-json\/wp\/v2\/pages\/302\/revisions\/242149"}],"wp:attachment":[{"href":"https:\/\/www.leponti2.be\/ja\/wp-json\/wp\/v2\/media?parent=302"}],"curies":[{"name":"wp","href":"https:\/\/api.w.org\/{rel}","templated":true}]}}