{"id":13,"date":"2025-01-28T09:15:23","date_gmt":"2025-01-28T09:15:23","guid":{"rendered":"https:\/\/www.leponti2.be\/?page_id=13"},"modified":"2025-10-23T07:42:20","modified_gmt":"2025-10-23T07:42:20","slug":"accueil","status":"publish","type":"page","link":"https:\/\/www.leponti2.be\/nl\/","title":{"rendered":"Home"},"content":{"rendered":"<p>[et_pb_section fb_built=\u00a0\u00bb1&Prime; admin_label=\u00a0\u00bbHeader\u00a0\u00bb _builder_version=\u00a0\u00bb4.27.4&Prime; _module_preset=\u00a0\u00bbdefault\u00a0\u00bb custom_padding=\u00a0\u00bb0px||0px||true|false\u00a0\u00bb locked=\u00a0\u00bboff\u00a0\u00bb collapsed=\u00a0\u00bbon\u00a0\u00bb global_colors_info=\u00a0\u00bb{}\u00a0\u00bb][et_pb_row column_structure=\u00a0\u00bb1_2,1_2&Prime; use_custom_gutter=\u00a0\u00bbon\u00a0\u00bb gutter_width=\u00a0\u00bb1&Prime; make_equal=\u00a0\u00bbon\u00a0\u00bb _builder_version=\u00a0\u00bb4.27.4&Prime; _module_preset=\u00a0\u00bbdefault\u00a0\u00bb background_color=\u00a0\u00bb#FFFFFF\u00a0\u00bb background_enable_pattern_style=\u00a0\u00bbon\u00a0\u00bb background_pattern_style=\u00a0\u00bbpinwheel\u00a0\u00bb background_pattern_color=\u00a0\u00bbrgba(0,0,0,0.05)\u00a0\u00bb width=\u00a0\u00bb100%\u00a0\u00bb max_width=\u00a0\u00bb100%\u00a0\u00bb custom_padding=\u00a0\u00bb0px||0px||true|false\u00a0\u00bb global_colors_info=\u00a0\u00bb{}\u00a0\u00bb][et_pb_column type=\u00a0\u00bb1_2&Prime; _builder_version=\u00a0\u00bb4.27.4&Prime; _module_preset=\u00a0\u00bbdefault\u00a0\u00bb custom_padding=\u00a0\u00bb15%|4%|15%|8%|true|false\u00a0\u00bb global_colors_info=\u00a0\u00bb{}\u00a0\u00bb][et_pb_text _builder_version=\u00a0\u00bb4.27.4&Prime; _module_preset=\u00a0\u00bbe6504a1b-67eb-4b3d-b023-bcab277610b6&Prime; text_text_color=\u00a0\u00bb#f2b705&Prime; header_text_color=\u00a0\u00bb#000000&Prime; header_4_font=\u00a0\u00bbUbuntu|700||on|||||\u00a0\u00bb header_4_text_color=\u00a0\u00bb#000000&Prime; header_4_font_size=\u00a0\u00bb14px\u00a0\u00bb header_4_line_height=\u00a0\u00bb1.5em\u00a0\u00bb custom_margin=\u00a0\u00bb||0px||false|false\u00a0\u00bb global_colors_info=\u00a0\u00bb{}\u00a0\u00bb]<\/p>\n<h4>Le Ponti 2<\/h4>\n<p>[\/et_pb_text][et_pb_text _builder_version=\u00a0\u00bb4.27.4&Prime; _module_preset=\u00a0\u00bbc16985e1-e0d6-4022-964d-e2bfc04fa633&Prime; text_text_color=\u00a0\u00bb#000000&Prime; header_font=\u00a0\u00bbAlata|700|||||||\u00a0\u00bb header_text_color=\u00a0\u00bb#000000&Prime; header_font_size=\u00a0\u00bb59px\u00a0\u00bb header_line_height=\u00a0\u00bb1.1em\u00a0\u00bb custom_margin=\u00a0\u00bb||10px||false|false\u00a0\u00bb header_font_size_tablet=\u00a0\u00bb40px\u00a0\u00bb header_font_size_phone=\u00a0\u00bb24px\u00a0\u00bb header_font_size_last_edited=\u00a0\u00bbon|phone\u00a0\u00bb global_colors_info=\u00a0\u00bb{}\u00a0\u00bb]<\/p>\n<h1>Saveurs italiennes, esprit familial<\/h1>\n<p>[\/et_pb_text][et_pb_text _builder_version=\u00a0\u00bb4.27.4&Prime; _module_preset=\u00a0\u00bb1f09816e-184e-4ce5-a4cf-b39c52c423ca\u00a0\u00bb text_font=\u00a0\u00bbAlata||||||||\u00a0\u00bb text_text_color=\u00a0\u00bb#000000&Prime; text_font_size=\u00a0\u00bb16px\u00a0\u00bb text_line_height=\u00a0\u00bb1.8em\u00a0\u00bb custom_margin=\u00a0\u00bb||30px||false|false\u00a0\u00bb text_font_size_tablet=\u00a0\u00bb15px\u00a0\u00bb text_font_size_phone=\u00a0\u00bb14px\u00a0\u00bb text_font_size_last_edited=\u00a0\u00bbon|phone\u00a0\u00bb header_font_size_tablet=\u00a0\u00bb55px\u00a0\u00bb header_font_size_last_edited=\u00a0\u00bboff|desktop\u00a0\u00bb global_colors_info=\u00a0\u00bb{}\u00a0\u00bb]<\/p>\n<p class=\"p1\">Ici, la tradition se go\u00fbte dans chaque assiette. Des recettes authentiques, des produits frais et une cuisine g\u00e9n\u00e9reuse qui rassemble familles, amis et amoureux de bonne cuisine autour de la table..<\/p>\n<p>[\/et_pb_text][et_pb_button button_url=\u00a0\u00bb@ET-DC@eyJkeW5hbWljIjp0cnVlLCJjb250ZW50IjoicG9zdF9saW5rX3VybF9wYWdlIiwic2V0dGluZ3MiOnsicG9zdF9pZCI6IjMwMiJ9fQ==@\u00a0\u00bb button_text=\u00a0\u00bbVoir le menu\u00a0\u00bb _builder_version=\u00a0\u00bb4.27.4&Prime; _dynamic_attributes=\u00a0\u00bbbutton_url\u00a0\u00bb _module_preset=\u00a0\u00bb31b4f027-aaa0-4f2f-ae02-959764e19e4f\u00a0\u00bb custom_button=\u00a0\u00bbon\u00a0\u00bb button_text_size=\u00a0\u00bb14px\u00a0\u00bb button_text_color=\u00a0\u00bb#FFFFFF\u00a0\u00bb button_bg_color=\u00a0\u00bb#000000&Prime; button_border_width=\u00a0\u00bb0px\u00a0\u00bb button_border_radius=\u00a0\u00bb200px\u00a0\u00bb button_font=\u00a0\u00bbAlata|700||on|||||\u00a0\u00bb custom_padding=\u00a0\u00bb16px|24px|16px|24px|true|true\u00a0\u00bb global_colors_info=\u00a0\u00bb{}\u00a0\u00bb][\/et_pb_button][\/et_pb_column][et_pb_column type=\u00a0\u00bb1_2&Prime; _builder_version=\u00a0\u00bb4.27.4&Prime; _module_preset=\u00a0\u00bbdefault\u00a0\u00bb background_image=\u00a0\u00bbhttps:\/\/www.leponti2.be\/wp-content\/uploads\/2025\/10\/Restaurant-le-ponti-2.webp\u00a0\u00bb parallax=\u00a0\u00bbon\u00a0\u00bb custom_padding_tablet=\u00a0\u00bb\u00a0\u00bb custom_padding_phone=\u00a0\u00bb||300px||false|false\u00a0\u00bb custom_padding_last_edited=\u00a0\u00bbon|phone\u00a0\u00bb global_colors_info=\u00a0\u00bb{}\u00a0\u00bb][et_pb_divider show_divider=\u00a0\u00bboff\u00a0\u00bb _builder_version=\u00a0\u00bb4.18.0&Prime; _module_preset=\u00a0\u00bbdefault\u00a0\u00bb height_tablet=\u00a0\u00bb40vw\u00a0\u00bb height_phone=\u00a0\u00bb40vw\u00a0\u00bb height_last_edited=\u00a0\u00bbon|desktop\u00a0\u00bb global_colors_info=\u00a0\u00bb{}\u00a0\u00bb][\/et_pb_divider][\/et_pb_column][\/et_pb_row][\/et_pb_section]<\/p>\n","protected":false},"excerpt":{"rendered":"<p>Le Ponti 2Saveurs italiennes, esprit familialIci, la tradition se go\u00fbte dans chaque assiette. Des recettes authentiques, des produits frais et une cuisine g\u00e9n\u00e9reuse qui rassemble familles, amis et amoureux de bonne cuisine autour de la table..<\/p>","protected":false},"author":1,"featured_media":242108,"parent":0,"menu_order":0,"comment_status":"closed","ping_status":"closed","template":"","meta":{"_et_pb_use_builder":"on","_et_pb_old_content":"","_et_gb_content_width":"","footnotes":""},"class_list":["post-13","page","type-page","status-publish","has-post-thumbnail","hentry"],"yoast_head":"<!-- This site is optimized with the Yoast SEO plugin v27.2 - https:\/\/yoast.com\/product\/yoast-seo-wordpress\/ -->\n<title>Accueil - Le Ponti 2 \ud83c\uddee\ud83c\uddf9<\/title>\n<meta name=\"description\" content=\"Restaurant italien convivial \u00e0 Jambes (Namur) \u2013 Le Ponti 2 vous invite \u00e0 savourer des p\u00e2tes maison, pizzas fines et plats fran\u00e7ais-italiens.\" \/>\n<meta name=\"robots\" content=\"index, follow, max-snippet:-1, max-image-preview:large, max-video-preview:-1\" \/>\n<link rel=\"canonical\" href=\"https:\/\/www.leponti2.be\/nl\/\" \/>\n<meta property=\"og:locale\" content=\"nl_NL\" \/>\n<meta property=\"og:type\" content=\"article\" \/>\n<meta property=\"og:title\" content=\"Accueil - Le Ponti 2 \ud83c\uddee\ud83c\uddf9\" \/>\n<meta property=\"og:description\" content=\"Restaurant italien convivial \u00e0 Jambes (Namur) \u2013 Le Ponti 2 vous invite \u00e0 savourer des p\u00e2tes maison, pizzas fines et plats fran\u00e7ais-italiens.\" \/>\n<meta property=\"og:url\" content=\"https:\/\/www.leponti2.be\/nl\/\" \/>\n<meta property=\"og:site_name\" content=\"Le Ponti 2 \ud83c\uddee\ud83c\uddf9\" \/>\n<meta property=\"article:publisher\" content=\"https:\/\/www.facebook.com\/leponti2\/?locale=fr_FR\" \/>\n<meta property=\"article:modified_time\" content=\"2025-10-23T07:42:20+00:00\" \/>\n<meta property=\"og:image\" content=\"https:\/\/www.leponti2.be\/wp-content\/uploads\/2025\/10\/Restaurant-le-ponti-2.webp\" \/>\n\t<meta property=\"og:image:width\" content=\"1920\" \/>\n\t<meta property=\"og:image:height\" content=\"2560\" \/>\n\t<meta property=\"og:image:type\" content=\"image\/webp\" \/>\n<meta name=\"twitter:card\" content=\"summary_large_image\" \/>\n<meta name=\"twitter:label1\" content=\"Geschatte leestijd\" \/>\n\t<meta name=\"twitter:data1\" content=\"1 minuut\" \/>\n<script type=\"application\/ld+json\" class=\"yoast-schema-graph\">{\"@context\":\"https:\/\/schema.org\",\"@graph\":[{\"@type\":\"WebPage\",\"@id\":\"https:\/\/www.leponti2.be\/\",\"url\":\"https:\/\/www.leponti2.be\/\",\"name\":\"Accueil - Le Ponti 2 \ud83c\uddee\ud83c\uddf9\",\"isPartOf\":{\"@id\":\"https:\/\/www.leponti2.be\/#website\"},\"primaryImageOfPage\":{\"@id\":\"https:\/\/www.leponti2.be\/#primaryimage\"},\"image\":{\"@id\":\"https:\/\/www.leponti2.be\/#primaryimage\"},\"thumbnailUrl\":\"https:\/\/www.leponti2.be\/wp-content\/uploads\/2025\/10\/Restaurant-le-ponti-2.webp\",\"datePublished\":\"2025-01-28T09:15:23+00:00\",\"dateModified\":\"2025-10-23T07:42:20+00:00\",\"description\":\"Restaurant italien convivial \u00e0 Jambes (Namur) \u2013 Le Ponti 2 vous invite \u00e0 savourer des p\u00e2tes maison, pizzas fines et plats fran\u00e7ais-italiens.\",\"breadcrumb\":{\"@id\":\"https:\/\/www.leponti2.be\/#breadcrumb\"},\"inLanguage\":\"nl-NL\",\"potentialAction\":[{\"@type\":\"ReadAction\",\"target\":[\"https:\/\/www.leponti2.be\/\"]}]},{\"@type\":\"ImageObject\",\"inLanguage\":\"nl-NL\",\"@id\":\"https:\/\/www.leponti2.be\/#primaryimage\",\"url\":\"https:\/\/www.leponti2.be\/wp-content\/uploads\/2025\/10\/Restaurant-le-ponti-2.webp\",\"contentUrl\":\"https:\/\/www.leponti2.be\/wp-content\/uploads\/2025\/10\/Restaurant-le-ponti-2.webp\",\"width\":1920,\"height\":2560},{\"@type\":\"BreadcrumbList\",\"@id\":\"https:\/\/www.leponti2.be\/#breadcrumb\",\"itemListElement\":[{\"@type\":\"ListItem\",\"position\":1,\"name\":\"Accueil\",\"item\":\"https:\/\/www.leponti2.be\/\"},{\"@type\":\"ListItem\",\"position\":2,\"name\":\"Accueil\"}]},{\"@type\":\"WebSite\",\"@id\":\"https:\/\/www.leponti2.be\/#website\",\"url\":\"https:\/\/www.leponti2.be\/\",\"name\":\"Le Ponti 2 \ud83c\uddee\ud83c\uddf9\",\"description\":\"restaurant \u00e0 Jambes (Namur)\",\"publisher\":{\"@id\":\"https:\/\/www.leponti2.be\/#organization\"},\"potentialAction\":[{\"@type\":\"SearchAction\",\"target\":{\"@type\":\"EntryPoint\",\"urlTemplate\":\"https:\/\/www.leponti2.be\/?s={search_term_string}\"},\"query-input\":{\"@type\":\"PropertyValueSpecification\",\"valueRequired\":true,\"valueName\":\"search_term_string\"}}],\"inLanguage\":\"nl-NL\"},{\"@type\":\"Organization\",\"@id\":\"https:\/\/www.leponti2.be\/#organization\",\"name\":\"Le Ponti 2\",\"url\":\"https:\/\/www.leponti2.be\/\",\"logo\":{\"@type\":\"ImageObject\",\"inLanguage\":\"nl-NL\",\"@id\":\"https:\/\/www.leponti2.be\/#\/schema\/logo\/image\/\",\"url\":\"https:\/\/www.leponti2.be\/wp-content\/uploads\/2025\/10\/cropped-logo_465x320.png\",\"contentUrl\":\"https:\/\/www.leponti2.be\/wp-content\/uploads\/2025\/10\/cropped-logo_465x320.png\",\"width\":512,\"height\":512,\"caption\":\"Le Ponti 2\"},\"image\":{\"@id\":\"https:\/\/www.leponti2.be\/#\/schema\/logo\/image\/\"},\"sameAs\":[\"https:\/\/www.facebook.com\/leponti2\/?locale=fr_FR\"]}]}<\/script>\n<!-- \/ Yoast SEO plugin. -->","yoast_head_json":{"title":"Accueil - Le Ponti 2 \ud83c\uddee\ud83c\uddf9","description":"Restaurant italien convivial \u00e0 Jambes (Namur) \u2013 Le Ponti 2 vous invite \u00e0 savourer des p\u00e2tes maison, pizzas fines et plats fran\u00e7ais-italiens.","robots":{"index":"index","follow":"follow","max-snippet":"max-snippet:-1","max-image-preview":"max-image-preview:large","max-video-preview":"max-video-preview:-1"},"canonical":"https:\/\/www.leponti2.be\/nl\/","og_locale":"nl_NL","og_type":"article","og_title":"Accueil - Le Ponti 2 \ud83c\uddee\ud83c\uddf9","og_description":"Restaurant italien convivial \u00e0 Jambes (Namur) \u2013 Le Ponti 2 vous invite \u00e0 savourer des p\u00e2tes maison, pizzas fines et plats fran\u00e7ais-italiens.","og_url":"https:\/\/www.leponti2.be\/nl\/","og_site_name":"Le Ponti 2 \ud83c\uddee\ud83c\uddf9","article_publisher":"https:\/\/www.facebook.com\/leponti2\/?locale=fr_FR","article_modified_time":"2025-10-23T07:42:20+00:00","og_image":[{"width":1920,"height":2560,"url":"https:\/\/www.leponti2.be\/wp-content\/uploads\/2025\/10\/Restaurant-le-ponti-2.webp","type":"image\/webp"}],"twitter_card":"summary_large_image","twitter_misc":{"Geschatte leestijd":"1 minuut"},"schema":{"@context":"https:\/\/schema.org","@graph":[{"@type":"WebPage","@id":"https:\/\/www.leponti2.be\/","url":"https:\/\/www.leponti2.be\/","name":"Accueil - Le Ponti 2 \ud83c\uddee\ud83c\uddf9","isPartOf":{"@id":"https:\/\/www.leponti2.be\/#website"},"primaryImageOfPage":{"@id":"https:\/\/www.leponti2.be\/#primaryimage"},"image":{"@id":"https:\/\/www.leponti2.be\/#primaryimage"},"thumbnailUrl":"https:\/\/www.leponti2.be\/wp-content\/uploads\/2025\/10\/Restaurant-le-ponti-2.webp","datePublished":"2025-01-28T09:15:23+00:00","dateModified":"2025-10-23T07:42:20+00:00","description":"Restaurant italien convivial \u00e0 Jambes (Namur) \u2013 Le Ponti 2 vous invite \u00e0 savourer des p\u00e2tes maison, pizzas fines et plats fran\u00e7ais-italiens.","breadcrumb":{"@id":"https:\/\/www.leponti2.be\/#breadcrumb"},"inLanguage":"nl-NL","potentialAction":[{"@type":"ReadAction","target":["https:\/\/www.leponti2.be\/"]}]},{"@type":"ImageObject","inLanguage":"nl-NL","@id":"https:\/\/www.leponti2.be\/#primaryimage","url":"https:\/\/www.leponti2.be\/wp-content\/uploads\/2025\/10\/Restaurant-le-ponti-2.webp","contentUrl":"https:\/\/www.leponti2.be\/wp-content\/uploads\/2025\/10\/Restaurant-le-ponti-2.webp","width":1920,"height":2560},{"@type":"BreadcrumbList","@id":"https:\/\/www.leponti2.be\/#breadcrumb","itemListElement":[{"@type":"ListItem","position":1,"name":"Accueil","item":"https:\/\/www.leponti2.be\/"},{"@type":"ListItem","position":2,"name":"Accueil"}]},{"@type":"WebSite","@id":"https:\/\/www.leponti2.be\/#website","url":"https:\/\/www.leponti2.be\/","name":"Le Ponti 2 \ud83c\uddee\ud83c\uddf9","description":"restaurant in Jambes (Namen)","publisher":{"@id":"https:\/\/www.leponti2.be\/#organization"},"potentialAction":[{"@type":"SearchAction","target":{"@type":"EntryPoint","urlTemplate":"https:\/\/www.leponti2.be\/?s={search_term_string}"},"query-input":{"@type":"PropertyValueSpecification","valueRequired":true,"valueName":"search_term_string"}}],"inLanguage":"nl-NL"},{"@type":"Organization","@id":"https:\/\/www.leponti2.be\/#organization","name":"Ponti 2","url":"https:\/\/www.leponti2.be\/","logo":{"@type":"ImageObject","inLanguage":"nl-NL","@id":"https:\/\/www.leponti2.be\/#\/schema\/logo\/image\/","url":"https:\/\/www.leponti2.be\/wp-content\/uploads\/2025\/10\/cropped-logo_465x320.png","contentUrl":"https:\/\/www.leponti2.be\/wp-content\/uploads\/2025\/10\/cropped-logo_465x320.png","width":512,"height":512,"caption":"Le Ponti 2"},"image":{"@id":"https:\/\/www.leponti2.be\/#\/schema\/logo\/image\/"},"sameAs":["https:\/\/www.facebook.com\/leponti2\/?locale=fr_FR"]}]}},"_links":{"self":[{"href":"https:\/\/www.leponti2.be\/nl\/wp-json\/wp\/v2\/pages\/13","targetHints":{"allow":["GET"]}}],"collection":[{"href":"https:\/\/www.leponti2.be\/nl\/wp-json\/wp\/v2\/pages"}],"about":[{"href":"https:\/\/www.leponti2.be\/nl\/wp-json\/wp\/v2\/types\/page"}],"author":[{"embeddable":true,"href":"https:\/\/www.leponti2.be\/nl\/wp-json\/wp\/v2\/users\/1"}],"replies":[{"embeddable":true,"href":"https:\/\/www.leponti2.be\/nl\/wp-json\/wp\/v2\/comments?post=13"}],"version-history":[{"count":70,"href":"https:\/\/www.leponti2.be\/nl\/wp-json\/wp\/v2\/pages\/13\/revisions"}],"predecessor-version":[{"id":242111,"href":"https:\/\/www.leponti2.be\/nl\/wp-json\/wp\/v2\/pages\/13\/revisions\/242111"}],"wp:featuredmedia":[{"embeddable":true,"href":"https:\/\/www.leponti2.be\/nl\/wp-json\/wp\/v2\/media\/242108"}],"wp:attachment":[{"href":"https:\/\/www.leponti2.be\/nl\/wp-json\/wp\/v2\/media?parent=13"}],"curies":[{"name":"wp","href":"https:\/\/api.w.org\/{rel}","templated":true}]}}